{"id":13,"date":"2020-02-27T19:45:08","date_gmt":"2020-02-27T19:45:08","guid":{"rendered":"http:\/\/gozdeperdem.com\/?page_id=13"},"modified":"2024-11-24T15:51:00","modified_gmt":"2024-11-24T15:51:00","slug":"hakkimizda","status":"publish","type":"page","link":"https:\/\/gozdeperdem.com\/?page_id=13","title":{"rendered":"Hakk\u0131m\u0131zda"},"content":{"rendered":"\n<p><strong>G\u00f6zde Perde &amp; \u00c7eyiz<\/strong>\u00a0<strong>Abdullah UZUN <\/strong>taraf\u0131ndan\u00a0 1990 y\u0131l\u0131nda\u00a0 Trabzon&#8217;da kurulmu\u015ftur. O g\u00fcnden bu g\u00fcne kalitesinden \u00f6d\u00fcn vermeden siz m\u00fc\u015fterilerimize ayn\u0131 heyecanla\u00a0 hizmet vermeye devam etmekteyiz. En \u00f6nemli politikam\u0131z\u00a0<strong>m\u00fc\u015fteri memnuniyeti<\/strong>dir.<\/p>\n\n\n\n<p><\/p>\n","protected":false},"excerpt":{"rendered":"<p>G\u00f6zde Perde &amp; \u00c7eyiz\u00a0Abdullah UZUN taraf\u0131ndan\u00a0 1990 y\u0131l\u0131nda\u00a0 Trabzon&#8217;da kurulmu\u015ftur. O g\u00fcnden bu g\u00fcne kalitesinden \u00f6d\u00fcn vermeden siz m\u00fc\u015fterilerimize ayn\u0131<\/p>\n","protected":false},"author":1,"featured_media":0,"parent":0,"menu_order":0,"comment_status":"closed","ping_status":"closed","template":"","meta":{"footnotes":""},"class_list":["post-13","page","type-page","status-publish","hentry"],"yoast_head":"<!-- This site is optimized with the Yoast SEO plugin v23.9 - https:\/\/yoast.com\/wordpress\/plugins\/seo\/ -->\n<title>Hakk\u0131m\u0131zda - G\u00f6zde Perde \u00c7eyiz G\u00f6zdeperdem G\u00f6zde Perde<\/title>\n<meta name=\"robots\" content=\"index, follow, max-snippet:-1, max-image-preview:large, max-video-preview:-1\" \/>\n<link rel=\"canonical\" href=\"https:\/\/gozdeperdem.com\/?page_id=13\" \/>\n<meta property=\"og:locale\" content=\"tr_TR\" \/>\n<meta property=\"og:type\" content=\"article\" \/>\n<meta property=\"og:title\" content=\"Hakk\u0131m\u0131zda - G\u00f6zde Perde \u00c7eyiz G\u00f6zdeperdem G\u00f6zde Perde\" \/>\n<meta property=\"og:description\" content=\"G\u00f6zde Perde &amp; \u00c7eyiz\u00a0Abdullah UZUN taraf\u0131ndan\u00a0 1990 y\u0131l\u0131nda\u00a0 Trabzon&#8217;da kurulmu\u015ftur. O g\u00fcnden bu g\u00fcne kalitesinden \u00f6d\u00fcn vermeden siz m\u00fc\u015fterilerimize ayn\u0131\" \/>\n<meta property=\"og:url\" content=\"https:\/\/gozdeperdem.com\/?page_id=13\" \/>\n<meta property=\"og:site_name\" content=\"G\u00f6zde Perde \u00c7eyiz G\u00f6zdeperdem G\u00f6zde Perde\" \/>\n<meta property=\"article:modified_time\" content=\"2024-11-24T15:51:00+00:00\" \/>\n<meta name=\"twitter:card\" content=\"summary_large_image\" \/>\n<meta name=\"twitter:label1\" content=\"Tahmini okuma s\u00fcresi\" \/>\n\t<meta name=\"twitter:data1\" content=\"1 dakika\" \/>\n<script type=\"application\/ld+json\" class=\"yoast-schema-graph\">{\"@context\":\"https:\/\/schema.org\",\"@graph\":[{\"@type\":\"WebPage\",\"@id\":\"https:\/\/gozdeperdem.com\/?page_id=13\",\"url\":\"https:\/\/gozdeperdem.com\/?page_id=13\",\"name\":\"Hakk\u0131m\u0131zda - G\u00f6zde Perde \u00c7eyiz G\u00f6zdeperdem G\u00f6zde Perde\",\"isPartOf\":{\"@id\":\"https:\/\/gozdeperdem.com\/#website\"},\"datePublished\":\"2020-02-27T19:45:08+00:00\",\"dateModified\":\"2024-11-24T15:51:00+00:00\",\"breadcrumb\":{\"@id\":\"https:\/\/gozdeperdem.com\/?page_id=13#breadcrumb\"},\"inLanguage\":\"tr\",\"potentialAction\":[{\"@type\":\"ReadAction\",\"target\":[\"https:\/\/gozdeperdem.com\/?page_id=13\"]}]},{\"@type\":\"BreadcrumbList\",\"@id\":\"https:\/\/gozdeperdem.com\/?page_id=13#breadcrumb\",\"itemListElement\":[{\"@type\":\"ListItem\",\"position\":1,\"name\":\"Ana sayfa\",\"item\":\"https:\/\/gozdeperdem.com\/\"},{\"@type\":\"ListItem\",\"position\":2,\"name\":\"Hakk\u0131m\u0131zda\"}]},{\"@type\":\"WebSite\",\"@id\":\"https:\/\/gozdeperdem.com\/#website\",\"url\":\"https:\/\/gozdeperdem.com\/\",\"name\":\"G\u00f6zde Perde \u00c7eyiz G\u00f6zdeperdem G\u00f6zde Perde\",\"description\":\"Hayallerinizi Ger\u00e7ekle\u015ftirmenin En \u0130yi Adresi\",\"publisher\":{\"@id\":\"https:\/\/gozdeperdem.com\/#\/schema\/person\/748530956d2fb788404ae059aed5aaeb\"},\"potentialAction\":[{\"@type\":\"SearchAction\",\"target\":{\"@type\":\"EntryPoint\",\"urlTemplate\":\"https:\/\/gozdeperdem.com\/?s={search_term_string}\"},\"query-input\":{\"@type\":\"PropertyValueSpecification\",\"valueRequired\":true,\"valueName\":\"search_term_string\"}}],\"inLanguage\":\"tr\"},{\"@type\":[\"Person\",\"Organization\"],\"@id\":\"https:\/\/gozdeperdem.com\/#\/schema\/person\/748530956d2fb788404ae059aed5aaeb\",\"name\":\"Admin\",\"image\":{\"@type\":\"ImageObject\",\"inLanguage\":\"tr\",\"@id\":\"https:\/\/gozdeperdem.com\/#\/schema\/person\/image\/\",\"url\":\"https:\/\/gozdeperdem.com\/wp-content\/uploads\/2020\/03\/cropped-logo8-2.jpg\",\"contentUrl\":\"https:\/\/gozdeperdem.com\/wp-content\/uploads\/2020\/03\/cropped-logo8-2.jpg\",\"width\":303,\"height\":141,\"caption\":\"Admin\"},\"logo\":{\"@id\":\"https:\/\/gozdeperdem.com\/#\/schema\/person\/image\/\"}}]}<\/script>\n<!-- \/ Yoast SEO plugin. -->","yoast_head_json":{"title":"Hakk\u0131m\u0131zda - G\u00f6zde Perde \u00c7eyiz G\u00f6zdeperdem G\u00f6zde Perde","robots":{"index":"index","follow":"follow","max-snippet":"max-snippet:-1","max-image-preview":"max-image-preview:large","max-video-preview":"max-video-preview:-1"},"canonical":"https:\/\/gozdeperdem.com\/?page_id=13","og_locale":"tr_TR","og_type":"article","og_title":"Hakk\u0131m\u0131zda - G\u00f6zde Perde \u00c7eyiz G\u00f6zdeperdem G\u00f6zde Perde","og_description":"G\u00f6zde Perde &amp; \u00c7eyiz\u00a0Abdullah UZUN taraf\u0131ndan\u00a0 1990 y\u0131l\u0131nda\u00a0 Trabzon&#8217;da kurulmu\u015ftur. O g\u00fcnden bu g\u00fcne kalitesinden \u00f6d\u00fcn vermeden siz m\u00fc\u015fterilerimize ayn\u0131","og_url":"https:\/\/gozdeperdem.com\/?page_id=13","og_site_name":"G\u00f6zde Perde \u00c7eyiz G\u00f6zdeperdem G\u00f6zde Perde","article_modified_time":"2024-11-24T15:51:00+00:00","twitter_card":"summary_large_image","twitter_misc":{"Tahmini okuma s\u00fcresi":"1 dakika"},"schema":{"@context":"https:\/\/schema.org","@graph":[{"@type":"WebPage","@id":"https:\/\/gozdeperdem.com\/?page_id=13","url":"https:\/\/gozdeperdem.com\/?page_id=13","name":"Hakk\u0131m\u0131zda - G\u00f6zde Perde \u00c7eyiz G\u00f6zdeperdem G\u00f6zde Perde","isPartOf":{"@id":"https:\/\/gozdeperdem.com\/#website"},"datePublished":"2020-02-27T19:45:08+00:00","dateModified":"2024-11-24T15:51:00+00:00","breadcrumb":{"@id":"https:\/\/gozdeperdem.com\/?page_id=13#breadcrumb"},"inLanguage":"tr","potentialAction":[{"@type":"ReadAction","target":["https:\/\/gozdeperdem.com\/?page_id=13"]}]},{"@type":"BreadcrumbList","@id":"https:\/\/gozdeperdem.com\/?page_id=13#breadcrumb","itemListElement":[{"@type":"ListItem","position":1,"name":"Ana sayfa","item":"https:\/\/gozdeperdem.com\/"},{"@type":"ListItem","position":2,"name":"Hakk\u0131m\u0131zda"}]},{"@type":"WebSite","@id":"https:\/\/gozdeperdem.com\/#website","url":"https:\/\/gozdeperdem.com\/","name":"G\u00f6zde Perde \u00c7eyiz G\u00f6zdeperdem G\u00f6zde Perde","description":"Hayallerinizi Ger\u00e7ekle\u015ftirmenin En \u0130yi Adresi","publisher":{"@id":"https:\/\/gozdeperdem.com\/#\/schema\/person\/748530956d2fb788404ae059aed5aaeb"},"potentialAction":[{"@type":"SearchAction","target":{"@type":"EntryPoint","urlTemplate":"https:\/\/gozdeperdem.com\/?s={search_term_string}"},"query-input":{"@type":"PropertyValueSpecification","valueRequired":true,"valueName":"search_term_string"}}],"inLanguage":"tr"},{"@type":["Person","Organization"],"@id":"https:\/\/gozdeperdem.com\/#\/schema\/person\/748530956d2fb788404ae059aed5aaeb","name":"Admin","image":{"@type":"ImageObject","inLanguage":"tr","@id":"https:\/\/gozdeperdem.com\/#\/schema\/person\/image\/","url":"https:\/\/gozdeperdem.com\/wp-content\/uploads\/2020\/03\/cropped-logo8-2.jpg","contentUrl":"https:\/\/gozdeperdem.com\/wp-content\/uploads\/2020\/03\/cropped-logo8-2.jpg","width":303,"height":141,"caption":"Admin"},"logo":{"@id":"https:\/\/gozdeperdem.com\/#\/schema\/person\/image\/"}}]}},"_links":{"self":[{"href":"https:\/\/gozdeperdem.com\/index.php?rest_route=\/wp\/v2\/pages\/13","targetHints":{"allow":["GET"]}}],"collection":[{"href":"https:\/\/gozdeperdem.com\/index.php?rest_route=\/wp\/v2\/pages"}],"about":[{"href":"https:\/\/gozdeperdem.com\/index.php?rest_route=\/wp\/v2\/types\/page"}],"author":[{"embeddable":true,"href":"https:\/\/gozdeperdem.com\/index.php?rest_route=\/wp\/v2\/users\/1"}],"replies":[{"embeddable":true,"href":"https:\/\/gozdeperdem.com\/index.php?rest_route=%2Fwp%2Fv2%2Fcomments&post=13"}],"version-history":[{"count":3,"href":"https:\/\/gozdeperdem.com\/index.php?rest_route=\/wp\/v2\/pages\/13\/revisions"}],"predecessor-version":[{"id":634,"href":"https:\/\/gozdeperdem.com\/index.php?rest_route=\/wp\/v2\/pages\/13\/revisions\/634"}],"wp:attachment":[{"href":"https:\/\/gozdeperdem.com\/index.php?rest_route=%2Fwp%2Fv2%2Fmedia&parent=13"}],"curies":[{"name":"wp","href":"https:\/\/api.w.org\/{rel}","templated":true}]}}