{"id":15,"date":"2020-02-27T19:45:08","date_gmt":"2020-02-27T19:45:08","guid":{"rendered":"http:\/\/gozdeperdem.com\/?page_id=15"},"modified":"2024-11-24T16:22:19","modified_gmt":"2024-11-24T16:22:19","slug":"blog","status":"publish","type":"page","link":"https:\/\/gozdeperdem.com\/?page_id=15","title":{"rendered":"Blog"},"content":{"rendered":"\n<p>ABDULLAH UZUN <\/p>\n\n\n\n<p>1990 Y\u0131l\u0131nda kendi emek ve \u00e7abalar\u0131yla G\u00f6zde Perde Home kurdu. 1990 Y\u0131l\u0131n dan g\u00fcn\u00fcm\u00fcze istikrarl\u0131 bir \u015fekilde kalitesinden ve \u00f6z\u00fcnden \u00f6d\u00fcn vermeden getirmi\u015ftir. b\u00fcnyesinde bir \u00e7ok ev tekstil \u00fcr\u00fcn\u00fc bulundurmakla birlikte gelece\u011fe d\u00f6n\u00fck azim ve istikrar\u0131n ne kadar \u00f6nemli oldu\u011funu g\u00f6stermi\u015ftir.<\/p>\n\n\n\n<p>\u00dcR\u00dcN VE \u00c7E\u015e\u0130TL\u0130L\u0130K <\/p>\n\n\n\n<p>HALI &#8211; PERDE &#8211; MOB\u0130LYA &#8211; KOLTUK TAKIMLARI &#8211; BAZA TAKIMLARI &#8211; STOR ZEBRA &#8211; EV TEKST\u0130L \u00dcR\u00dcNLER\u0130 &#8211; MASA SANDALYE GRUBU &#8211; TEK\u0130L EV GERE\u00c7LER\u0130 &#8211; NEVRES\u0130M TAKIMLARI &#8211; NEVRES\u0130M KUMA\u015eLARI &#8211; <\/p>\n","protected":false},"excerpt":{"rendered":"<p>ABDULLAH UZUN 1990 Y\u0131l\u0131nda kendi emek ve \u00e7abalar\u0131yla G\u00f6zde Perde Home kurdu. 1990 Y\u0131l\u0131n dan g\u00fcn\u00fcm\u00fcze istikrarl\u0131 bir \u015fekilde kalitesinden<\/p>\n","protected":false},"author":1,"featured_media":0,"parent":0,"menu_order":0,"comment_status":"closed","ping_status":"closed","template":"","meta":{"footnotes":""},"class_list":["post-15","page","type-page","status-publish","hentry"],"yoast_head":"<!-- This site is optimized with the Yoast SEO plugin v23.9 - https:\/\/yoast.com\/wordpress\/plugins\/seo\/ -->\n<title>Blog - G\u00f6zde Perde \u00c7eyiz G\u00f6zdeperdem G\u00f6zde Perde<\/title>\n<meta name=\"robots\" content=\"index, follow, max-snippet:-1, max-image-preview:large, max-video-preview:-1\" \/>\n<link rel=\"canonical\" href=\"https:\/\/gozdeperdem.com\/?page_id=15\" \/>\n<meta property=\"og:locale\" content=\"tr_TR\" \/>\n<meta property=\"og:type\" content=\"article\" \/>\n<meta property=\"og:title\" content=\"Blog - G\u00f6zde Perde \u00c7eyiz G\u00f6zdeperdem G\u00f6zde Perde\" \/>\n<meta property=\"og:description\" content=\"ABDULLAH UZUN 1990 Y\u0131l\u0131nda kendi emek ve \u00e7abalar\u0131yla G\u00f6zde Perde Home kurdu. 1990 Y\u0131l\u0131n dan g\u00fcn\u00fcm\u00fcze istikrarl\u0131 bir \u015fekilde kalitesinden\" \/>\n<meta property=\"og:url\" content=\"https:\/\/gozdeperdem.com\/?page_id=15\" \/>\n<meta property=\"og:site_name\" content=\"G\u00f6zde Perde \u00c7eyiz G\u00f6zdeperdem G\u00f6zde Perde\" \/>\n<meta property=\"article:modified_time\" content=\"2024-11-24T16:22:19+00:00\" \/>\n<meta name=\"twitter:card\" content=\"summary_large_image\" \/>\n<meta name=\"twitter:label1\" content=\"Tahmini okuma s\u00fcresi\" \/>\n\t<meta name=\"twitter:data1\" content=\"1 dakika\" \/>\n<script type=\"application\/ld+json\" class=\"yoast-schema-graph\">{\"@context\":\"https:\/\/schema.org\",\"@graph\":[{\"@type\":[\"WebPage\",\"CollectionPage\"],\"@id\":\"https:\/\/gozdeperdem.com\/?page_id=15\",\"url\":\"https:\/\/gozdeperdem.com\/?page_id=15\",\"name\":\"Blog - G\u00f6zde Perde \u00c7eyiz G\u00f6zdeperdem G\u00f6zde Perde\",\"isPartOf\":{\"@id\":\"https:\/\/gozdeperdem.com\/#website\"},\"datePublished\":\"2020-02-27T19:45:08+00:00\",\"dateModified\":\"2024-11-24T16:22:19+00:00\",\"breadcrumb\":{\"@id\":\"https:\/\/gozdeperdem.com\/?page_id=15#breadcrumb\"},\"inLanguage\":\"tr\"},{\"@type\":\"BreadcrumbList\",\"@id\":\"https:\/\/gozdeperdem.com\/?page_id=15#breadcrumb\",\"itemListElement\":[{\"@type\":\"ListItem\",\"position\":1,\"name\":\"Ana sayfa\",\"item\":\"https:\/\/gozdeperdem.com\/\"},{\"@type\":\"ListItem\",\"position\":2,\"name\":\"Blog\"}]},{\"@type\":\"WebSite\",\"@id\":\"https:\/\/gozdeperdem.com\/#website\",\"url\":\"https:\/\/gozdeperdem.com\/\",\"name\":\"G\u00f6zde Perde \u00c7eyiz G\u00f6zdeperdem G\u00f6zde Perde\",\"description\":\"Hayallerinizi Ger\u00e7ekle\u015ftirmenin En \u0130yi Adresi\",\"publisher\":{\"@id\":\"https:\/\/gozdeperdem.com\/#\/schema\/person\/748530956d2fb788404ae059aed5aaeb\"},\"potentialAction\":[{\"@type\":\"SearchAction\",\"target\":{\"@type\":\"EntryPoint\",\"urlTemplate\":\"https:\/\/gozdeperdem.com\/?s={search_term_string}\"},\"query-input\":{\"@type\":\"PropertyValueSpecification\",\"valueRequired\":true,\"valueName\":\"search_term_string\"}}],\"inLanguage\":\"tr\"},{\"@type\":[\"Person\",\"Organization\"],\"@id\":\"https:\/\/gozdeperdem.com\/#\/schema\/person\/748530956d2fb788404ae059aed5aaeb\",\"name\":\"Admin\",\"image\":{\"@type\":\"ImageObject\",\"inLanguage\":\"tr\",\"@id\":\"https:\/\/gozdeperdem.com\/#\/schema\/person\/image\/\",\"url\":\"https:\/\/gozdeperdem.com\/wp-content\/uploads\/2020\/03\/cropped-logo8-2.jpg\",\"contentUrl\":\"https:\/\/gozdeperdem.com\/wp-content\/uploads\/2020\/03\/cropped-logo8-2.jpg\",\"width\":303,\"height\":141,\"caption\":\"Admin\"},\"logo\":{\"@id\":\"https:\/\/gozdeperdem.com\/#\/schema\/person\/image\/\"}}]}<\/script>\n<!-- \/ Yoast SEO plugin. -->","yoast_head_json":{"title":"Blog - G\u00f6zde Perde \u00c7eyiz G\u00f6zdeperdem G\u00f6zde Perde","robots":{"index":"index","follow":"follow","max-snippet":"max-snippet:-1","max-image-preview":"max-image-preview:large","max-video-preview":"max-video-preview:-1"},"canonical":"https:\/\/gozdeperdem.com\/?page_id=15","og_locale":"tr_TR","og_type":"article","og_title":"Blog - G\u00f6zde Perde \u00c7eyiz G\u00f6zdeperdem G\u00f6zde Perde","og_description":"ABDULLAH UZUN 1990 Y\u0131l\u0131nda kendi emek ve \u00e7abalar\u0131yla G\u00f6zde Perde Home kurdu. 1990 Y\u0131l\u0131n dan g\u00fcn\u00fcm\u00fcze istikrarl\u0131 bir \u015fekilde kalitesinden","og_url":"https:\/\/gozdeperdem.com\/?page_id=15","og_site_name":"G\u00f6zde Perde \u00c7eyiz G\u00f6zdeperdem G\u00f6zde Perde","article_modified_time":"2024-11-24T16:22:19+00:00","twitter_card":"summary_large_image","twitter_misc":{"Tahmini okuma s\u00fcresi":"1 dakika"},"schema":{"@context":"https:\/\/schema.org","@graph":[{"@type":["WebPage","CollectionPage"],"@id":"https:\/\/gozdeperdem.com\/?page_id=15","url":"https:\/\/gozdeperdem.com\/?page_id=15","name":"Blog - G\u00f6zde Perde \u00c7eyiz G\u00f6zdeperdem G\u00f6zde Perde","isPartOf":{"@id":"https:\/\/gozdeperdem.com\/#website"},"datePublished":"2020-02-27T19:45:08+00:00","dateModified":"2024-11-24T16:22:19+00:00","breadcrumb":{"@id":"https:\/\/gozdeperdem.com\/?page_id=15#breadcrumb"},"inLanguage":"tr"},{"@type":"BreadcrumbList","@id":"https:\/\/gozdeperdem.com\/?page_id=15#breadcrumb","itemListElement":[{"@type":"ListItem","position":1,"name":"Ana sayfa","item":"https:\/\/gozdeperdem.com\/"},{"@type":"ListItem","position":2,"name":"Blog"}]},{"@type":"WebSite","@id":"https:\/\/gozdeperdem.com\/#website","url":"https:\/\/gozdeperdem.com\/","name":"G\u00f6zde Perde \u00c7eyiz G\u00f6zdeperdem G\u00f6zde Perde","description":"Hayallerinizi Ger\u00e7ekle\u015ftirmenin En \u0130yi Adresi","publisher":{"@id":"https:\/\/gozdeperdem.com\/#\/schema\/person\/748530956d2fb788404ae059aed5aaeb"},"potentialAction":[{"@type":"SearchAction","target":{"@type":"EntryPoint","urlTemplate":"https:\/\/gozdeperdem.com\/?s={search_term_string}"},"query-input":{"@type":"PropertyValueSpecification","valueRequired":true,"valueName":"search_term_string"}}],"inLanguage":"tr"},{"@type":["Person","Organization"],"@id":"https:\/\/gozdeperdem.com\/#\/schema\/person\/748530956d2fb788404ae059aed5aaeb","name":"Admin","image":{"@type":"ImageObject","inLanguage":"tr","@id":"https:\/\/gozdeperdem.com\/#\/schema\/person\/image\/","url":"https:\/\/gozdeperdem.com\/wp-content\/uploads\/2020\/03\/cropped-logo8-2.jpg","contentUrl":"https:\/\/gozdeperdem.com\/wp-content\/uploads\/2020\/03\/cropped-logo8-2.jpg","width":303,"height":141,"caption":"Admin"},"logo":{"@id":"https:\/\/gozdeperdem.com\/#\/schema\/person\/image\/"}}]}},"_links":{"self":[{"href":"https:\/\/gozdeperdem.com\/index.php?rest_route=\/wp\/v2\/pages\/15","targetHints":{"allow":["GET"]}}],"collection":[{"href":"https:\/\/gozdeperdem.com\/index.php?rest_route=\/wp\/v2\/pages"}],"about":[{"href":"https:\/\/gozdeperdem.com\/index.php?rest_route=\/wp\/v2\/types\/page"}],"author":[{"embeddable":true,"href":"https:\/\/gozdeperdem.com\/index.php?rest_route=\/wp\/v2\/users\/1"}],"replies":[{"embeddable":true,"href":"https:\/\/gozdeperdem.com\/index.php?rest_route=%2Fwp%2Fv2%2Fcomments&post=15"}],"version-history":[{"count":2,"href":"https:\/\/gozdeperdem.com\/index.php?rest_route=\/wp\/v2\/pages\/15\/revisions"}],"predecessor-version":[{"id":704,"href":"https:\/\/gozdeperdem.com\/index.php?rest_route=\/wp\/v2\/pages\/15\/revisions\/704"}],"wp:attachment":[{"href":"https:\/\/gozdeperdem.com\/index.php?rest_route=%2Fwp%2Fv2%2Fmedia&parent=15"}],"curies":[{"name":"wp","href":"https:\/\/api.w.org\/{rel}","templated":true}]}}